{"id":38,"date":"2025-06-07T21:46:29","date_gmt":"2025-06-07T19:46:29","guid":{"rendered":"https:\/\/augustineverset.be\/?page_id=38"},"modified":"2025-06-08T23:09:38","modified_gmt":"2025-06-08T21:09:38","slug":"nouveautes","status":"publish","type":"page","link":"https:\/\/augustineverset.be\/?page_id=38","title":{"rendered":"Nouveaut\u00e9s \ud83c\udd95"},"content":{"rendered":"\n<h3 class=\"wp-block-heading has-text-color has-link-color wp-elements-ba53223a9caf04d689ceee5afb715612\" style=\"color:#f2ade8\">\ud83c\udd95&nbsp;<strong>Bienvenue sur la page nouveaut\u00e9s ! <\/strong><\/h3>\n\n\n\n<p>Ici, vous trouverez toutes les actualit\u00e9s et les derni\u00e8res mises \u00e0 jour de mon blog.<br>Nouveaux articles, publications r\u00e9centes, vid\u00e9os exclusives, \u00e9v\u00e9nements \u00e0 venir\u2026 tout est regroup\u00e9 dans cet espace pour vous permettre de ne rien manquer. \ud83e\udd29<\/p>\n\n\n\n<p class=\"has-background\" style=\"background-color:#fff8d8\">\ud83d\udccc Cette page est r\u00e9guli\u00e8rement mise \u00e0 jour afin de vous tenir inform\u00e9 des nouveaux contenus mis en ligne. <\/p>\n\n\n\n<p>\ud83d\udc49 N\u2019h\u00e9sitez pas \u00e0 revenir souvent pour d\u00e9couvrir les nouveaut\u00e9s et rester connect\u00e9 \u00e0 mon univers !<\/p>\n\n\n\n<div style=\"height:43px\" aria-hidden=\"true\" class=\"wp-block-spacer\"><\/div>\n\n\n\n<p class=\"has-text-align-center has-text-color has-link-color has-medium-font-size wp-elements-6b0372f6208a6ca621dd31c3219f3d89\" style=\"color:#f2ade8\">Voici ma derni\u00e8re nouveaut\u00e9 publi\u00e9e sur le site \ud83d\udc47<\/p>\n\n\n\n<div class=\"wp-block-buttons alignwide is-content-justification-center is-layout-flex wp-container-core-buttons-is-layout-a89b3969 wp-block-buttons-is-layout-flex\">\n<div class=\"wp-block-button\"><a class=\"wp-block-button__link wp-element-button\" href=\"https:\/\/augustineverset.be\/wp-admin\/post.php?post=159&amp;action=edit\">D\u00e9couvrez mon face cam\u00e9ra en exclusivit\u00e9 ! \ud83d\udcf9<\/a><\/div>\n<\/div>\n\n\n\n<p><\/p>\n","protected":false},"excerpt":{"rendered":"<p>\ud83c\udd95&nbsp;Bienvenue sur la page nouveaut\u00e9s ! Ici, vous trouverez toutes les actualit\u00e9s et les derni\u00e8res mises \u00e0 jour de mon blog.Nouveaux articles, publications r\u00e9centes, vid\u00e9os exclusives, \u00e9v\u00e9nements \u00e0 venir\u2026 tout est regroup\u00e9 dans cet espace pour vous permettre de ne rien manquer. \ud83e\udd29 \ud83d\udccc Cette page est r\u00e9guli\u00e8rement mise \u00e0 jour afin de vous tenir [&hellip;]<\/p>\n","protected":false},"author":1,"featured_media":0,"parent":0,"menu_order":0,"comment_status":"closed","ping_status":"closed","template":"","meta":{"footnotes":""},"class_list":["post-38","page","type-page","status-publish","hentry"],"_links":{"self":[{"href":"https:\/\/augustineverset.be\/index.php?rest_route=\/wp\/v2\/pages\/38","targetHints":{"allow":["GET"]}}],"collection":[{"href":"https:\/\/augustineverset.be\/index.php?rest_route=\/wp\/v2\/pages"}],"about":[{"href":"https:\/\/augustineverset.be\/index.php?rest_route=\/wp\/v2\/types\/page"}],"author":[{"embeddable":true,"href":"https:\/\/augustineverset.be\/index.php?rest_route=\/wp\/v2\/users\/1"}],"replies":[{"embeddable":true,"href":"https:\/\/augustineverset.be\/index.php?rest_route=%2Fwp%2Fv2%2Fcomments&post=38"}],"version-history":[{"count":7,"href":"https:\/\/augustineverset.be\/index.php?rest_route=\/wp\/v2\/pages\/38\/revisions"}],"predecessor-version":[{"id":188,"href":"https:\/\/augustineverset.be\/index.php?rest_route=\/wp\/v2\/pages\/38\/revisions\/188"}],"wp:attachment":[{"href":"https:\/\/augustineverset.be\/index.php?rest_route=%2Fwp%2Fv2%2Fmedia&parent=38"}],"curies":[{"name":"wp","href":"https:\/\/api.w.org\/{rel}","templated":true}]}}