{"id":44,"date":"2025-06-07T21:49:37","date_gmt":"2025-06-07T19:49:37","guid":{"rendered":"https:\/\/augustineverset.be\/?page_id=44"},"modified":"2025-06-08T23:36:07","modified_gmt":"2025-06-08T21:36:07","slug":"a-propos","status":"publish","type":"page","link":"https:\/\/augustineverset.be\/?page_id=44","title":{"rendered":"\u00c1 propos \u2728"},"content":{"rendered":"\n<figure class=\"wp-block-image aligncenter size-large\"><img loading=\"lazy\" decoding=\"async\" width=\"1024\" height=\"1024\" src=\"https:\/\/augustineverset.be\/wp-content\/uploads\/2025\/06\/IMG_4467-1-1024x1024.jpg\" alt=\"\" class=\"wp-image-45\" srcset=\"https:\/\/augustineverset.be\/wp-content\/uploads\/2025\/06\/IMG_4467-1-1024x1024.jpg 1024w, https:\/\/augustineverset.be\/wp-content\/uploads\/2025\/06\/IMG_4467-1-300x300.jpg 300w, https:\/\/augustineverset.be\/wp-content\/uploads\/2025\/06\/IMG_4467-1-150x150.jpg 150w, https:\/\/augustineverset.be\/wp-content\/uploads\/2025\/06\/IMG_4467-1-768x768.jpg 768w, https:\/\/augustineverset.be\/wp-content\/uploads\/2025\/06\/IMG_4467-1-1536x1536.jpg 1536w, https:\/\/augustineverset.be\/wp-content\/uploads\/2025\/06\/IMG_4467-1-1170x1170.jpg 1170w, https:\/\/augustineverset.be\/wp-content\/uploads\/2025\/06\/IMG_4467-1.jpg 1900w\" sizes=\"auto, (max-width: 1024px) 100vw, 1024px\" \/><\/figure>\n\n\n\n<p class=\"has-medium-font-size\">Moi c&#8217;est Augustine, 23 ans, \u00e9tudiante en derni\u00e8re ann\u00e9e de communication \u00e0 la HELHa de Tournai.<\/p>\n\n\n\n<p>Petite, mon r\u00eave \u00e9tait de devenir danseuse et de pratiquer un m\u00e9tier sur une sc\u00e8ne, et m\u00eame si je n\u2019ai pas arr\u00eat\u00e9 ce sport, avec le temps une nouvelle passion m\u2019est venue, le monde de l\u2019\u00e9v\u00e8nementiel. En effectuant quelques recherches, j\u2019ai d\u00e9couvert les \u00e9tudes de communication que proposait la HELHa. C\u2019est l\u00e0 que j\u2019ai compris que j\u2019avais trouv\u00e9 ma voie.<\/p>\n\n\n\n<p>En pensant \u00e0 tout ce que j&#8217;aime dans la vie, ce choix n&#8217;\u00e9tait pas tellement surprenant. Depuis mon plus jeune \u00e2ge, j&#8217;ai toujours eu une imagination d\u00e9bordante et une cr\u00e9ativit\u00e9 omnipr\u00e9sente, c\u2019est pourquoi j\u2019aime imaginer et cr\u00e9er du contenu, j\u2019aime le contact social, j\u2019aime organiser un \u00e9v\u00e9nement, en faire sa communication, il va donc de soi que je me suis dirig\u00e9e vers ces \u00e9tudes.<\/p>\n\n\n\n<p>Mais avant tout cela, j\u2019ai d\u2019abord \u00e9tudi\u00e9 les langues \u00e0 l&#8217;\u00e9cole d&#8217;Irchonwelz pendant mes 6 ann\u00e9es de secondaire, c\u2019\u00e9tait une fa\u00e7on pour moi d&#8217;apprendre une autre forme de communication, ce qui m\u2019a amen\u00e9 \u00e0 savoir parler avec plus de personnes et \u00e0 m\u2019ouvrir plus facilement. J\u2019ai ador\u00e9 ces \u00e9tudes, elles m\u2019ont enrichie et ouvertes \u00e0 de nouvelles cultures.<\/p>\n\n\n\n<p>Passionn\u00e9e par la cr\u00e9ation, l\u2019art, l\u2019\u00e9v\u00e8nementiel, et les r\u00e9seaux sociaux, je pars \u00e0 18 ans direction des \u00e9tudes de communication. Et malgr\u00e9 les d\u00e9buts difficiles suite au Covid-19, je me retrouve un an plus tard, enfin sur les bancs de l\u2019\u00e9cole pour y vivre mon r\u00eave. Aujourd\u2019hui, apr\u00e8s 3 ann\u00e9es d\u2019\u00e9tudes, je peux enfin dire que je suis heureuse et \u00e9panouie. Je me sens pr\u00eate \u00e0 d\u00e9marrer ma carri\u00e8re dans ce secteur que j\u2019aime tant. <\/p>\n\n\n\n<div class=\"wp-block-cover is-light\" style=\"min-height:113px;aspect-ratio:unset;\"><span aria-hidden=\"true\" class=\"wp-block-cover__background has-background-dim-100 has-background-dim\" style=\"background-color:#f8b5f3\"><\/span><div class=\"wp-block-cover__inner-container is-layout-constrained wp-block-cover-is-layout-constrained\">\n<p class=\"has-text-align-center has-background-color has-text-color has-link-color has-large-font-size wp-elements-26cce1206306ca25ca27dc32c85f7ef4\">Mon CV <\/p>\n<\/div><\/div>\n\n\n\n<p>Parce qu\u2019en communication, chaque parcours raconte une histoire, je vous invite \u00e0 d\u00e9couvrir le mien \u00e0 travers mon CV. Vous y trouverez mon parcours, mes exp\u00e9riences et ce qui me passionne dans ce m\u00e9tier. \ud83d\udc47\ud83c\udf38&nbsp;<\/p>\n\n\n\n<div data-wp-interactive=\"core\/file\" class=\"wp-block-file\"><object data-wp-bind--hidden=\"!state.hasPdfPreview\" hidden class=\"wp-block-file__embed\" data=\"https:\/\/augustineverset.be\/wp-content\/uploads\/2025\/06\/VERSETAugustine-CV-2025.pdf\" type=\"application\/pdf\" style=\"width:100%;height:690px\" aria-label=\"Embed of VERSETAugustine-CV-2025.\"><\/object><a id=\"wp-block-file--media-c97ebb55-e8eb-4ec2-83a4-a3c145cab427\" href=\"https:\/\/augustineverset.be\/wp-content\/uploads\/2025\/06\/VERSETAugustine-CV-2025.pdf\">VERSETAugustine-CV-2025<\/a><a href=\"https:\/\/augustineverset.be\/wp-content\/uploads\/2025\/06\/VERSETAugustine-CV-2025.pdf\" class=\"wp-block-file__button wp-element-button\" download aria-describedby=\"wp-block-file--media-c97ebb55-e8eb-4ec2-83a4-a3c145cab427\">T\u00e9l\u00e9charger<\/a><\/div>\n\n\n\n<div class=\"wp-block-cover is-light\" style=\"min-height:111px;aspect-ratio:unset;\"><span aria-hidden=\"true\" class=\"wp-block-cover__background has-background-dim-100 has-background-dim\" style=\"background-color:#f8b5f3\"><\/span><div class=\"wp-block-cover__inner-container is-layout-constrained wp-block-cover-is-layout-constrained\">\n<p class=\"has-text-align-center has-background-color has-text-color has-link-color has-large-font-size wp-elements-0ec5c49edf4a29af1f79a6ffcec1021b\">Mon face cam <\/p>\n<\/div><\/div>\n\n\n\n<p><strong>D\u00e9couvrez qui je suis en quelques mots<\/strong>&nbsp;\ud83c\udf38<br>Rien de mieux qu\u2019une vid\u00e9o pour mettre un visage sur un nom et vous parler directement. Je vous raconte ici mon parcours, ce qui m\u2019anime, mes connaissances et mes exp\u00e9riences. Bonne d\u00e9couverte ! \ud83e\udd29<\/p>\n\n\n\n<figure class=\"wp-block-video\"><video height=\"1280\" style=\"aspect-ratio: 720 \/ 1280;\" width=\"720\" controls src=\"http:\/\/augustineverset.be\/wp-content\/uploads\/2025\/06\/Face-cam-VERSETAugustine-JUIN-2025.mov\"><\/video><\/figure>\n","protected":false},"excerpt":{"rendered":"<p>Moi c&#8217;est Augustine, 23 ans, \u00e9tudiante en derni\u00e8re ann\u00e9e de communication \u00e0 la HELHa de Tournai. Petite, mon r\u00eave \u00e9tait de devenir danseuse et de pratiquer un m\u00e9tier sur une sc\u00e8ne, et m\u00eame si je n\u2019ai pas arr\u00eat\u00e9 ce sport, avec le temps une nouvelle passion m\u2019est venue, le monde de l\u2019\u00e9v\u00e8nementiel. En effectuant quelques [&hellip;]<\/p>\n","protected":false},"author":1,"featured_media":0,"parent":0,"menu_order":0,"comment_status":"closed","ping_status":"closed","template":"","meta":{"footnotes":""},"class_list":["post-44","page","type-page","status-publish","hentry"],"_links":{"self":[{"href":"https:\/\/augustineverset.be\/index.php?rest_route=\/wp\/v2\/pages\/44","targetHints":{"allow":["GET"]}}],"collection":[{"href":"https:\/\/augustineverset.be\/index.php?rest_route=\/wp\/v2\/pages"}],"about":[{"href":"https:\/\/augustineverset.be\/index.php?rest_route=\/wp\/v2\/types\/page"}],"author":[{"embeddable":true,"href":"https:\/\/augustineverset.be\/index.php?rest_route=\/wp\/v2\/users\/1"}],"replies":[{"embeddable":true,"href":"https:\/\/augustineverset.be\/index.php?rest_route=%2Fwp%2Fv2%2Fcomments&post=44"}],"version-history":[{"count":11,"href":"https:\/\/augustineverset.be\/index.php?rest_route=\/wp\/v2\/pages\/44\/revisions"}],"predecessor-version":[{"id":193,"href":"https:\/\/augustineverset.be\/index.php?rest_route=\/wp\/v2\/pages\/44\/revisions\/193"}],"wp:attachment":[{"href":"https:\/\/augustineverset.be\/index.php?rest_route=%2Fwp%2Fv2%2Fmedia&parent=44"}],"curies":[{"name":"wp","href":"https:\/\/api.w.org\/{rel}","templated":true}]}}